{"id":88,"date":"2017-11-17T20:29:28","date_gmt":"2017-11-17T20:29:28","guid":{"rendered":"http:\/\/gerey.nemtokeletes.hu\/hu\/?page_id=88"},"modified":"2025-09-23T12:34:47","modified_gmt":"2025-09-23T12:34:47","slug":"contact","status":"publish","type":"page","link":"http:\/\/gerey.hu\/EU\/contact\/","title":{"rendered":"CONTACT"},"content":{"rendered":"<p>[et_pb_section fb_built=&#8221;1&#8243; admin_label=&#8221;section&#8221; _builder_version=&#8221;3.0.47&#8243; custom_padding=&#8221;0px|0px|0px|0px&#8221;][et_pb_row use_custom_width=&#8221;on&#8221; width_unit=&#8221;off&#8221; custom_width_percent=&#8221;100%&#8221; use_custom_gutter=&#8221;on&#8221; gutter_width=&#8221;2&#8243; custom_padding=&#8221;0px|0px|0px|0px&#8221; background_color_3=&#8221;#f4f4f4&#8243; padding_right_3=&#8221;20px&#8221; padding_left_3=&#8221;0px&#8221; _builder_version=&#8221;3.0.89&#8243;][et_pb_column type=&#8221;1_2&#8243; _builder_version=&#8221;3.0.47&#8243; parallax=&#8221;off&#8221; parallax_method=&#8221;on&#8221;][et_pb_text _builder_version=&#8221;3.0.89&#8243; text_font=&#8221;Julius Sans One||||||||&#8221; header_font=&#8221;|600|||||||&#8221; header_text_color=&#8221;#e02b20&#8243; custom_margin=&#8221;30px|||&#8221; custom_padding=&#8221;|||&#8221;]<\/p>\n<h1 style=\"text-align: center;\">OUR OFFICE<\/h1>\n<p>[\/et_pb_text][et_pb_blurb title=&#8221;1024 Budapest (Hungary), L\u00f6v\u0151h\u00e1z utca 30.&#8221; use_icon=&#8221;on&#8221; font_icon=&#8221;%%102%%&#8221; icon_placement=&#8221;left&#8221; use_icon_font_size=&#8221;on&#8221; icon_font_size_last_edited=&#8221;on|desktop&#8221; icon_font_size=&#8221;20px&#8221; _builder_version=&#8221;3.0.98&#8243; header_font=&#8221;||||||||&#8221; header_font_size=&#8221;14px&#8221; body_font=&#8221;||||||||&#8221; body_font_size=&#8221;14px&#8221; body_line_height=&#8221;1em&#8221; max_width=&#8221;95%&#8221; module_alignment=&#8221;left&#8221; custom_margin=&#8221;0px||0px|&#8221; custom_padding=&#8221;|||5px&#8221;][\/et_pb_blurb][et_pb_blurb title=&#8221;office@gerey.hu&#8221; use_icon=&#8221;on&#8221; font_icon=&#8221;%%109%%&#8221; icon_placement=&#8221;left&#8221; use_icon_font_size=&#8221;on&#8221; icon_font_size=&#8221;20px&#8221; _builder_version=&#8221;3.0.89&#8243; header_font=&#8221;||||||||&#8221; header_font_size=&#8221;14px&#8221; body_font=&#8221;||||||||&#8221; body_line_height=&#8221;1em&#8221; max_width=&#8221;95%&#8221; module_alignment=&#8221;left&#8221; custom_margin=&#8221;0px||0px|&#8221; custom_padding=&#8221;|||5px&#8221;][\/et_pb_blurb][et_pb_contact_form captcha=&#8221;off&#8221; email=&#8221;babiknegyovai.anita@upcmail.hu&#8221; custom_message=&#8221;Message&#8221; success_message=&#8221;Sent your message. Thanks.&#8221; submit_button_text=&#8221;Send&#8221; module_id=&#8221;et_pb_contact_form_0&#8243; _builder_version=&#8221;3.0.89&#8243; title_font=&#8221;||||||||&#8221; title_text_align=&#8221;center&#8221; title_font_size=&#8221;14px&#8221; title_text_color=&#8221;#000000&#8243; form_field_font=&#8221;||||||||&#8221; form_field_line_height=&#8221;1em&#8221; text_orientation=&#8221;center&#8221; max_width=&#8221;95%&#8221; module_alignment=&#8221;center&#8221; custom_margin=&#8221;|||&#8221; custom_button=&#8221;on&#8221; button_text_size=&#8221;16px&#8221; button_border_radius=&#8221;0px&#8221; button_font=&#8221;||||||||&#8221;][et_pb_contact_field field_id=&#8221;Name&#8221; field_title=&#8221;Name&#8221; _builder_version=&#8221;3.0.89&#8243; form_field_font=&#8221;||||||||&#8221; form_field_text_align=&#8221;left&#8221; form_field_letter_spacing=&#8221;0px&#8221; form_field_line_height=&#8221;1em&#8221; border_radii=&#8221;on||||&#8221; text_orientation=&#8221;left&#8221;][\/et_pb_contact_field][et_pb_contact_field field_id=&#8221;Email&#8221; field_title=&#8221;Email address&#8221; field_type=&#8221;email&#8221; _builder_version=&#8221;3.0.89&#8243; form_field_font=&#8221;||||||||&#8221; form_field_text_align=&#8221;left&#8221; form_field_line_height=&#8221;1em&#8221; border_radii=&#8221;on||||&#8221; text_orientation=&#8221;left&#8221;][\/et_pb_contact_field][et_pb_contact_field field_id=&#8221;Message&#8221; field_title=&#8221;Message&#8221; field_type=&#8221;text&#8221; fullwidth_field=&#8221;on&#8221; _builder_version=&#8221;3.0.89&#8243; border_radii=&#8221;on||||&#8221; text_orientation=&#8221;left&#8221;][\/et_pb_contact_field][\/et_pb_contact_form][\/et_pb_column][et_pb_column type=&#8221;1_2&#8243; _builder_version=&#8221;3.0.47&#8243; parallax=&#8221;off&#8221; parallax_method=&#8221;on&#8221;][et_pb_image src=&#8221;http:\/\/gerey.hu\/EU\/wp-content\/uploads\/2018\/04\/BC-30-5webre2-1.jpg&#8221; force_fullwidth=&#8221;on&#8221; _builder_version=&#8221;3.0.98&#8243; custom_margin=&#8221;0px|0px|0px|0px&#8221;][\/et_pb_image][\/et_pb_column][\/et_pb_row][\/et_pb_section][et_pb_section fb_built=&#8221;1&#8243; inner_shadow=&#8221;on&#8221; fullwidth=&#8221;on&#8221; _builder_version=&#8221;3.0.89&#8243; custom_padding=&#8221;0px|0px|0px|0px&#8221;][et_pb_fullwidth_map address=&#8221;Budapest, V\u00e1ci \u00fat 30, 1132 Magyarorsz\u00e1g&#8221; address_lat=&#8221;47.5151775&#8243; address_lng=&#8221;19.0590226&#8243; use_grayscale_filter=&#8221;on&#8221; grayscale_filter_amount=&#8221;30&#8243; _builder_version=&#8221;3.0.89&#8243; child_filter_saturate=&#8221;70%&#8221;][\/et_pb_fullwidth_map][\/et_pb_section][et_pb_section fb_built=&#8221;1&#8243; background_color=&#8221;#515151&#8243; _builder_version=&#8221;3.0.89&#8243; custom_padding=&#8221;6.679931640625px|0px|9.840087890625px|0px&#8221; global_module=&#8221;595&#8243; saved_tabs=&#8221;all&#8221;][et_pb_row make_fullwidth=&#8221;on&#8221; custom_padding=&#8221;27px|0px|26.309814453125px|0px&#8221; _builder_version=&#8221;3.0.89&#8243; module_alignment=&#8221;center&#8221;][et_pb_column type=&#8221;1_3&#8243; _builder_version=&#8221;3.0.47&#8243; parallax=&#8221;off&#8221; parallax_method=&#8221;on&#8221;][et_pb_image src=&#8221;http:\/\/gerey.hu\/EU\/wp-content\/uploads\/2018\/01\/logo_hosszu_white500.png&#8221; _builder_version=&#8221;3.0.98&#8243;][\/et_pb_image][et_pb_text background_layout=&#8221;dark&#8221; _builder_version=&#8221;3.0.98&#8243; text_font=&#8221;||||||||&#8221; text_letter_spacing=&#8221;1px&#8221; text_orientation=&#8221;center&#8221;]<\/p>\n<p>SIGN UP FOR OUR NEWSLETTER<\/p>\n<p>[\/et_pb_text][et_pb_code _builder_version=&#8221;3.0.98&#8243; text_orientation=&#8221;center&#8221;]&lt;!&#8211; ListaMester URLAP KEZDETE &#8211;&gt;&lt;!&#8211; [et_pb_line_break_holder] &#8211;&gt;&lt;!&#8211; [et_pb_line_break_holder] &#8211;&gt;&lt;form id=&#8221;LM_Form49008_20180126192009&#8243; method=&#8221;POST&#8221; accept-charset=&#8221;UTF-8&#8243; action=&#8221;https:\/\/listamester.hu\/lmui\/faces\/forms\/ProcessSubscription.jsp&#8221;&gt;&lt;!&#8211; [et_pb_line_break_holder] &#8211;&gt;&lt;!&#8211; [et_pb_line_break_holder] &#8211;&gt;&lt;div id=&#8221;LM_formBlock49008_20180126192009&#8243; style=&#8221; background-color: #515151; padding: 5px; border-left: 0px solid #515151; border-right: 0px solid #515151; border-top: 0px solid #515151; border-bottom: 0px solid #515151; &#8220;&gt;&lt;!&#8211; [et_pb_line_break_holder] &#8211;&gt;&lt;!&#8211; [et_pb_line_break_holder] &#8211;&gt;&lt;div id=&#8221;LM_errorText49008_20180126192009&#8243; style=&#8221; color: red; &#8220;&gt;&lt;\/div&gt;&lt;!&#8211; [et_pb_line_break_holder] &#8211;&gt;&lt;!&#8211; [et_pb_line_break_holder] &#8211;&gt;&lt;div id=&#8221;LM_subscriptionText49008_20180126192009&#8243;&gt;&lt;!&#8211; [et_pb_line_break_holder] &#8211;&gt;&lt;!&#8211; [et_pb_line_break_holder] &#8211;&gt;&lt;\/div&gt;&lt;!&#8211; [et_pb_line_break_holder] &#8211;&gt;&lt;!&#8211; [et_pb_line_break_holder] &#8211;&gt;&lt;table id=&#8221;LM_questionTable49008_20180126192009&#8243; style=&#8221;border-left: 0px solid #515151; border-right: 0px solid #515151; border-top: 0px solid #515151; border-bottom: 0px solid #515151;&#8221;&gt;&lt;!&#8211; [et_pb_line_break_holder] &#8211;&gt;&lt;!&#8211; [et_pb_line_break_holder] &#8211;&gt;&lt;tr&gt;&lt;td id=&#8221;LM_LblEmail49008_20180126192009&#8243; style=&#8221; text-align: right; color:#e0e5ea; border-top: 0px solid #515151; &#8220;&gt;&lt;!&#8211; [et_pb_line_break_holder] &#8211;&gt;&lt;!&#8211; [et_pb_line_break_holder] &#8211;&gt;Email*&lt;!&#8211; [et_pb_line_break_holder] &#8211;&gt;&lt;!&#8211; [et_pb_line_break_holder] &#8211;&gt;&lt;\/td&gt;&lt;!&#8211; [et_pb_line_break_holder] &#8211;&gt;&lt;!&#8211; [et_pb_line_break_holder] &#8211;&gt;&lt;td style=&#8221; font-size: small; border-top: 0px solid #515151;&#8221;&gt;&lt;!&#8211; [et_pb_line_break_holder] &#8211;&gt;&lt;!&#8211; [et_pb_line_break_holder] &#8211;&gt;&lt;input type=&#8221;email&#8221; name=&#8221;LM_Email49008&#8243; id=&#8221;LM_IdEmail49008_20180126192009&#8243; required style=&#8221; &#8220;&gt;&lt;!&#8211; [et_pb_line_break_holder] &#8211;&gt;&lt;!&#8211; [et_pb_line_break_holder] &#8211;&gt;&lt;\/td&gt;&lt;\/tr&gt;&lt;!&#8211; [et_pb_line_break_holder] &#8211;&gt;&lt;!&#8211; [et_pb_line_break_holder] &#8211;&gt;&lt;tr&gt;&lt;td id=&#8221;LM_LblName49008_20180126192009&#8243; style=&#8221; text-align: right; color:#e0e5ea; border-top: 0px solid #515151;&#8221;&gt;&lt;!&#8211; [et_pb_line_break_holder] &#8211;&gt;&lt;!&#8211; [et_pb_line_break_holder] &#8211;&gt;Name*&lt;!&#8211; [et_pb_line_break_holder] &#8211;&gt;&lt;!&#8211; [et_pb_line_break_holder] &#8211;&gt;&lt;\/td&gt;&lt;!&#8211; [et_pb_line_break_holder] &#8211;&gt;&lt;!&#8211; [et_pb_line_break_holder] &#8211;&gt;&lt;td style=&#8221; font-size: small; border-top: 0px solid #515151; &#8220;&gt;&lt;!&#8211; [et_pb_line_break_holder] &#8211;&gt;&lt;!&#8211; [et_pb_line_break_holder] &#8211;&gt;&lt;input type=&#8221;text&#8221; name=&#8221;LM_Name49008&#8243; id=&#8221;LM_IdName49008_20180126192009&#8243; required style=&#8221; &#8220;&gt;&lt;!&#8211; [et_pb_line_break_holder] &#8211;&gt;&lt;!&#8211; [et_pb_line_break_holder] &#8211;&gt;&lt;\/td&gt;&lt;\/tr&gt;&lt;!&#8211; [et_pb_line_break_holder] &#8211;&gt;&lt;!&#8211; [et_pb_line_break_holder] &#8211;&gt;&lt;\/table&gt;&lt;!&#8211; [et_pb_line_break_holder] &#8211;&gt;&lt;!&#8211; [et_pb_line_break_holder] &#8211;&gt;&lt;div style=&#8221;text-align: center;&#8221;&gt;&lt;!&#8211; [et_pb_line_break_holder] &#8211;&gt;&lt;!&#8211; [et_pb_line_break_holder] &#8211;&gt;&lt;div style=&#8221;display: inline-block; text-align: left;&#8221;&gt;&lt;!&#8211; [et_pb_line_break_holder] &#8211;&gt;&lt;!&#8211; [et_pb_line_break_holder] &#8211;&gt;&lt;div id=&#8221;LM_ButtonBlock49008_20180126192009&#8243; style=&#8221; padding-top: 10px; padding-bottom: 10px; padding-left: 20px; &#8220;&gt;&lt;!&#8211; [et_pb_line_break_holder] &#8211;&gt;&lt;!&#8211; [et_pb_line_break_holder] &#8211;&gt;&lt;input id=&#8221;LM_SubmitBtn49008_20180126192009&#8243; type=&#8221;submit&#8221; style=&#8221; margin-left: auto; margin-right: auto; font-weight: bold; &#8221; value=&#8221;Send&#8221;&gt;&lt;!&#8211; [et_pb_line_break_holder] &#8211;&gt;&lt;!&#8211; [et_pb_line_break_holder] &#8211;&gt;&lt;\/div&gt;&lt;!&#8211; [et_pb_line_break_holder] &#8211;&gt;&lt;!&#8211; [et_pb_line_break_holder] &#8211;&gt;&lt;\/div&gt;&lt;!&#8211; [et_pb_line_break_holder] &#8211;&gt;&lt;!&#8211; [et_pb_line_break_holder] &#8211;&gt;&lt;\/div&gt;&lt;!&#8211; [et_pb_line_break_holder] &#8211;&gt;&lt;!&#8211; [et_pb_line_break_holder] &#8211;&gt;&lt;input type=&#8221;hidden&#8221; name=&#8221;LM_GroupID&#8221; value=&#8221;49008&#8243;&gt;&lt;!&#8211; [et_pb_line_break_holder] &#8211;&gt;&lt;!&#8211; [et_pb_line_break_holder] &#8211;&gt;&lt;input type=&#8221;hidden&#8221; name=&#8221;LM_UserData_1&#8243; value=&#8221;&#8221;&gt;&lt;!&#8211; [et_pb_line_break_holder] &#8211;&gt;&lt;!&#8211; [et_pb_line_break_holder] &#8211;&gt;&lt;\/div&gt;&lt;!&#8211; [et_pb_line_break_holder] &#8211;&gt;&lt;!&#8211; [et_pb_line_break_holder] &#8211;&gt;&lt;\/form&gt;&lt;!&#8211; [et_pb_line_break_holder] &#8211;&gt;&lt;!&#8211; [et_pb_line_break_holder] &#8211;&gt;&lt;!&#8211; ListaMester URLAP VEGE &#8211;&gt;&lt;!&#8211; [et_pb_line_break_holder] &#8211;&gt;&lt;!&#8211; [et_pb_line_break_holder] &#8211;&gt;[\/et_pb_code][\/et_pb_column][et_pb_column type=&#8221;1_3&#8243; _builder_version=&#8221;3.0.47&#8243; parallax=&#8221;off&#8221; parallax_method=&#8221;on&#8221;][et_pb_text background_layout=&#8221;dark&#8221; _builder_version=&#8221;3.0.89&#8243; text_font=&#8221;|700||on|||||&#8221; text_font_size=&#8221;16px&#8221; text_text_color=&#8221;#e2e2e2&#8243; text_line_height=&#8221;1em&#8221;]<\/p>\n<p>Practice Areas<\/p>\n<p>[\/et_pb_text][et_pb_text background_layout=&#8221;dark&#8221; _builder_version=&#8221;3.0.98&#8243; text_font=&#8221;||||||||&#8221; text_line_height=&#8221;1em&#8221;]<\/p>\n<p><a style=\"color: #eeeeee;\" href=\"\/EU\/ourprofessionals\/commercial-competition-law\/\">COMMERCIAL &amp; COMPETITION LAW<\/a><\/p>\n<p><a style=\"color: #eeeeee;\" href=\"\/EU\/ourprofessionals\/employment\/\">EMPLOYMENT<\/a><\/p>\n<p><a style=\"color: #eeeeee;\" href=\"\/EU\/ourprofessionals\/data-protection\/\">DATA PROTECTION<\/a><\/p>\n<p><a style=\"color: #eeeeee;\" href=\"\/EU\/ourprofessionals\/banking-finance\/\">BANKING &amp; FINANCE<\/a><\/p>\n<p><a style=\"color: #eeeeee;\" href=\"\/EU\/ourprofessionals\/corporate-mergers-acquisitions\/\">CORPORATE &amp; MERGERS &amp; ACQUISITIONS<\/a><\/p>\n<p><a style=\"color: #eeeeee;\" href=\"\/EU\/ourprofessionals\/dispute-resolution\/\">DISPUTE RESOLUTION<\/a><\/p>\n<p><a style=\"color: #eeeeee;\" href=\"\/EU\/ourprofessionals\/debt-collection-insolvency\/\">DEBT COLLECTION &amp; INSOLVENCY<\/a><\/p>\n<p><a style=\"color: #eeeeee;\" href=\"\/EU\/ourprofessionals\/intellectual-property-law\/\">INTELLECTUAL PROPERTY LAW<\/a><\/p>\n<p><a style=\"color: #eeeeee;\" href=\"\/EU\/ourprofessionals\/real-estate-law\/\">REAL ESTATE LAW<\/a><\/p>\n<p>[\/et_pb_text][\/et_pb_column][et_pb_column type=&#8221;1_3&#8243; _builder_version=&#8221;3.0.47&#8243; parallax=&#8221;off&#8221; parallax_method=&#8221;on&#8221;][et_pb_text background_layout=&#8221;dark&#8221; _builder_version=&#8221;3.0.89&#8243; text_font=&#8221;|700||on|||||&#8221; text_font_size=&#8221;16px&#8221; text_text_color=&#8221;#e2e2e2&#8243; text_line_height=&#8221;1em&#8221;]<\/p>\n<p>OFFICE<\/p>\n<p>[\/et_pb_text][et_pb_blurb title=&#8221;1132 Budapest, Hungary, V\u00e1ci \u00fat 30. BC 30 Business Center&#8221; use_icon=&#8221;on&#8221; font_icon=&#8221;%%122%%&#8221; icon_color=&#8221;#ffffff&#8221; icon_placement=&#8221;left&#8221; background_layout=&#8221;dark&#8221; use_icon_font_size=&#8221;on&#8221; icon_font_size=&#8221;14px&#8221; _builder_version=&#8221;3.0.98&#8243; header_font=&#8221;||||||||&#8221; header_text_align=&#8221;left&#8221; header_font_size=&#8221;14px&#8221; body_font=&#8221;||||||||&#8221; body_line_height=&#8221;1em&#8221; custom_margin=&#8221;0px|0px|0px|0px&#8221; custom_padding=&#8221;|||&#8221;][\/et_pb_blurb][et_pb_blurb title=&#8221;office@gerey.hu&#8221; use_icon=&#8221;on&#8221; font_icon=&#8221;%%238%%&#8221; icon_color=&#8221;#ffffff&#8221; icon_placement=&#8221;left&#8221; background_layout=&#8221;dark&#8221; use_icon_font_size=&#8221;on&#8221; icon_font_size=&#8221;14px&#8221; _builder_version=&#8221;3.0.89&#8243; header_font=&#8221;||||||||&#8221; header_text_align=&#8221;left&#8221; header_font_size=&#8221;14px&#8221; body_font=&#8221;||||||||&#8221; body_line_height=&#8221;1em&#8221; custom_margin=&#8221;0px|0px|0px|0px&#8221; custom_padding=&#8221;|||&#8221;][\/et_pb_blurb][\/et_pb_column][\/et_pb_row][\/et_pb_section][et_pb_section fb_built=&#8221;1&#8243; background_color=&#8221;#3a3a3a&#8221; _builder_version=&#8221;3.0.89&#8243; custom_padding=&#8221;11.840087890625px|0px|0px|0px&#8221; global_module=&#8221;886&#8243; saved_tabs=&#8221;all&#8221;][et_pb_row make_fullwidth=&#8221;on&#8221; custom_padding=&#8221;0px|0px|12.789794921875px|0px&#8221; _builder_version=&#8221;3.0.89&#8243;][et_pb_column type=&#8221;4_4&#8243; _builder_version=&#8221;3.0.47&#8243; parallax=&#8221;off&#8221; parallax_method=&#8221;on&#8221;][et_pb_text background_layout=&#8221;dark&#8221; _builder_version=&#8221;3.0.98&#8243; text_font=&#8221;||||||||&#8221; text_font_size=&#8221;12px&#8221; text_text_color=&#8221;#c4c4c4&#8243; text_line_height=&#8221;1.6em&#8221; text_orientation=&#8221;center&#8221; module_alignment=&#8221;center&#8221;]<\/p>\n<p>2018 All rights reserved &#8211; GEREY\u00a0&amp; Partners | <a style=\"color: #eeeeee;\" href=\"\/EU\/imprint \">Imprint<\/a> | <a style=\"color: #eeeeee;\" href=\"\/EU\/imprint \">Data Processing Note<\/a> | <a style=\"color: #eeeeee;\" href=\"\/EU\/imprint \">Copyright<\/a> | <a style=\"color: #eeeeee;\" href=\"\/EU\/imprint \">Disclaimer<\/a><\/p>\n<p>[\/et_pb_text][\/et_pb_column][\/et_pb_row][\/et_pb_section][et_pb_section fb_built=&#8221;1&#8243; background_color=&#8221;#262626&#8243; _builder_version=&#8221;3.0.89&#8243; custom_padding=&#8221;8.690185546875px|0px|14.72998046875px|0px&#8221; global_module=&#8221;884&#8243; saved_tabs=&#8221;all&#8221;][et_pb_row make_fullwidth=&#8221;on&#8221; custom_padding=&#8221;0px|0px|0px|0px&#8221; _builder_version=&#8221;3.0.89&#8243;][et_pb_column type=&#8221;4_4&#8243; _builder_version=&#8221;3.0.47&#8243; parallax=&#8221;off&#8221; parallax_method=&#8221;on&#8221;][et_pb_text background_layout=&#8221;dark&#8221; _builder_version=&#8221;3.0.89&#8243; text_font=&#8221;||||||||&#8221; text_font_size=&#8221;12px&#8221; text_text_color=&#8221;#c4c4c4&#8243; text_line_height=&#8221;1.6em&#8221; text_orientation=&#8221;center&#8221; module_alignment=&#8221;center&#8221;]<\/p>\n<p>The webpage is made by <a style=\"color: #eeeeee;\" href=\"http:\/\/webrevart.hu\">webrev&#8217;art<\/a>.<\/p>\n<p>[\/et_pb_text][\/et_pb_column][\/et_pb_row][\/et_pb_section]<\/p>\n","protected":false},"excerpt":{"rendered":"<p>[et_pb_section fb_built=&#8221;1&#8243; admin_label=&#8221;section&#8221; _builder_version=&#8221;3.0.47&#8243; custom_padding=&#8221;0px|0px|0px|0px&#8221;][et_pb_row use_custom_width=&#8221;on&#8221; width_unit=&#8221;off&#8221; custom_width_percent=&#8221;100%&#8221; use_custom_gutter=&#8221;on&#8221; gutter_width=&#8221;2&#8243; custom_padding=&#8221;0px|0px|0px|0px&#8221; background_color_3=&#8221;#f4f4f4&#8243; padding_right_3=&#8221;20px&#8221; padding_left_3=&#8221;0px&#8221; _builder_version=&#8221;3.0.89&#8243;][et_pb_column type=&#8221;1_2&#8243; _builder_version=&#8221;3.0.47&#8243; parallax=&#8221;off&#8221; parallax_method=&#8221;on&#8221;][et_pb_text _builder_version=&#8221;3.0.89&#8243; text_font=&#8221;Julius Sans One||||||||&#8221; header_font=&#8221;|600|||||||&#8221; header_text_color=&#8221;#e02b20&#8243; custom_margin=&#8221;30px|||&#8221; custom_padding=&#8221;|||&#8221;] OUR OFFICE [\/et_pb_text][et_pb_blurb title=&#8221;1024 Budapest (Hungary), L\u00f6v\u0151h\u00e1z utca 30.&#8221; use_icon=&#8221;on&#8221; font_icon=&#8221;%%102%%&#8221; icon_placement=&#8221;left&#8221; use_icon_font_size=&#8221;on&#8221; icon_font_size_last_edited=&#8221;on|desktop&#8221; icon_font_size=&#8221;20px&#8221; _builder_version=&#8221;3.0.98&#8243; header_font=&#8221;||||||||&#8221; header_font_size=&#8221;14px&#8221; body_font=&#8221;||||||||&#8221; body_font_size=&#8221;14px&#8221; body_line_height=&#8221;1em&#8221; max_width=&#8221;95%&#8221; module_alignment=&#8221;left&#8221; custom_margin=&#8221;0px||0px|&#8221; custom_padding=&#8221;|||5px&#8221;][\/et_pb_blurb][et_pb_blurb title=&#8221;office@gerey.hu&#8221; use_icon=&#8221;on&#8221; font_icon=&#8221;%%109%%&#8221; [&hellip;]<\/p>\n","protected":false},"author":1,"featured_media":0,"parent":0,"menu_order":0,"comment_status":"closed","ping_status":"closed","template":"","meta":{"footnotes":""},"class_list":["post-88","page","type-page","status-publish","hentry"],"_links":{"self":[{"href":"http:\/\/gerey.hu\/EU\/wp-json\/wp\/v2\/pages\/88"}],"collection":[{"href":"http:\/\/gerey.hu\/EU\/wp-json\/wp\/v2\/pages"}],"about":[{"href":"http:\/\/gerey.hu\/EU\/wp-json\/wp\/v2\/types\/page"}],"author":[{"embeddable":true,"href":"http:\/\/gerey.hu\/EU\/wp-json\/wp\/v2\/users\/1"}],"replies":[{"embeddable":true,"href":"http:\/\/gerey.hu\/EU\/wp-json\/wp\/v2\/comments?post=88"}],"version-history":[{"count":24,"href":"http:\/\/gerey.hu\/EU\/wp-json\/wp\/v2\/pages\/88\/revisions"}],"predecessor-version":[{"id":2097,"href":"http:\/\/gerey.hu\/EU\/wp-json\/wp\/v2\/pages\/88\/revisions\/2097"}],"wp:attachment":[{"href":"http:\/\/gerey.hu\/EU\/wp-json\/wp\/v2\/media?parent=88"}],"curies":[{"name":"wp","href":"https:\/\/api.w.org\/{rel}","templated":true}]}}