{"id":454,"date":"2018-01-12T09:45:34","date_gmt":"2018-01-12T09:45:34","guid":{"rendered":"http:\/\/gerey.nemtokeletes.hu\/hu\/?page_id=454"},"modified":"2020-02-06T14:07:54","modified_gmt":"2020-02-06T14:07:54","slug":"dr-peter-radi","status":"publish","type":"page","link":"http:\/\/gerey.hu\/EU\/ourteam\/dr-peter-radi\/","title":{"rendered":"Dr. P\u00e9ter R\u00c1DI"},"content":{"rendered":"<p>[et_pb_section fb_built=&#8221;1&#8243; admin_label=&#8221;section&#8221; _builder_version=&#8221;3.0.47&#8243; custom_padding=&#8221;1.4199981689453125px|0px|2.95001220703125px|0px&#8221;][et_pb_row use_custom_gutter=&#8221;on&#8221; gutter_width=&#8221;2&#8243; _builder_version=&#8221;3.0.89&#8243;][et_pb_column type=&#8221;1_3&#8243; _builder_version=&#8221;3.0.89&#8243; parallax=&#8221;off&#8221; parallax_method=&#8221;on&#8221;][et_pb_image src=&#8221;http:\/\/gerey.hu\/EU\/wp-content\/uploads\/2018\/01\/mt_radi_300c.jpg&#8221; _builder_version=&#8221;3.0.98&#8243;][\/et_pb_image][\/et_pb_column][et_pb_column type=&#8221;2_3&#8243; _builder_version=&#8221;3.0.89&#8243; parallax=&#8221;off&#8221; parallax_method=&#8221;on&#8221;][et_pb_text _builder_version=&#8221;3.0.89&#8243; text_font=&#8221;Julius Sans One||||||||&#8221; text_font_size=&#8221;10px&#8221; header_font=&#8221;|600||||on|||&#8221; header_text_color=&#8221;#e02b20&#8243; custom_margin=&#8221;||0px|&#8221;]<\/p>\n<h1 style=\"text-align: left;\">Dr.\u00a0P\u00e9ter R\u00c1DI<\/h1>\n<p>[\/et_pb_text][et_pb_text _builder_version=&#8221;3.0.89&#8243; text_font=&#8221;||||||||&#8221; text_font_size=&#8221;19px&#8221; custom_margin=&#8221;0px|||&#8221;]<\/p>\n<p>partner<\/p>\n<p>[\/et_pb_text][et_pb_blurb title=&#8221;info@gerey.hu&#8221; use_icon=&#8221;on&#8221; font_icon=&#8221;%%109%%&#8221; icon_placement=&#8221;left&#8221; content_max_width=&#8221;1100px&#8221; use_icon_font_size=&#8221;on&#8221; icon_font_size=&#8221;20px&#8221; _builder_version=&#8221;3.0.89&#8243; header_font=&#8221;||||||||&#8221; header_text_align=&#8221;left&#8221; header_font_size=&#8221;15px&#8221; body_font=&#8221;||||||||&#8221; body_text_align=&#8221;left&#8221; body_line_height=&#8221;1.2em&#8221; custom_margin=&#8221;0px||0px|&#8221; custom_padding=&#8221;0px||0px|&#8221;][\/et_pb_blurb][et_pb_text _builder_version=&#8221;3.0.89&#8243;]<\/p>\n<p style=\"text-align: justify;\">Dr. P\u00e9ter R\u00e1di graduated at E\u00f6tv\u00f6s Lor\u00e1nd University in 1996. He also performed legal studies in different foreign universities, such as Universit\u00e9 de Li\u00e9ge, Belgium and Friedrich Schiller Universit\u00e4t, Jena, Germany.<\/p>\n<p style=\"text-align: justify;\">He has an experience of nearly 15 years in corporate and commercial transactions, acquisitions, real estate investment transactions, corporate reorganization and insolvency procedures and he can provide high quality legal aid to his clients in English, German and French language.<\/p>\n<p style=\"text-align: justify;\">He has also significant expertise in civil litigation, as he provides complex litigation and dispute resolution services to middle-sized corporations having multinational background. He has been admitted to practice as an attorney since 2001. He is a member to the National Election Commission since 2015.<\/p>\n<p>[\/et_pb_text][\/et_pb_column][\/et_pb_row][\/et_pb_section][et_pb_section fb_built=&#8221;1&#8243; background_color=&#8221;#515151&#8243; _builder_version=&#8221;3.0.89&#8243; custom_padding=&#8221;6.679931640625px|0px|9.840087890625px|0px&#8221; global_module=&#8221;595&#8243; saved_tabs=&#8221;all&#8221;][et_pb_row make_fullwidth=&#8221;on&#8221; custom_padding=&#8221;27px|0px|26.309814453125px|0px&#8221; _builder_version=&#8221;3.0.89&#8243; module_alignment=&#8221;center&#8221;][et_pb_column type=&#8221;1_3&#8243; _builder_version=&#8221;3.0.47&#8243; parallax=&#8221;off&#8221; parallax_method=&#8221;on&#8221;][et_pb_image src=&#8221;http:\/\/gerey.hu\/EU\/wp-content\/uploads\/2018\/01\/logo_hosszu_white500.png&#8221; _builder_version=&#8221;3.0.98&#8243;][\/et_pb_image][et_pb_text background_layout=&#8221;dark&#8221; _builder_version=&#8221;3.0.98&#8243; text_font=&#8221;||||||||&#8221; text_letter_spacing=&#8221;1px&#8221; text_orientation=&#8221;center&#8221;]<\/p>\n<p>SIGN UP FOR OUR NEWSLETTER<\/p>\n<p>[\/et_pb_text][et_pb_code _builder_version=&#8221;3.0.98&#8243; text_orientation=&#8221;center&#8221;]&lt;!&#8211; [et_pb_line_break_holder] &#8211;&gt;&lt;!&#8211; [et_pb_line_break_holder] &#8211;&gt;&lt;!&#8211; [et_pb_line_break_holder] &#8211;&gt;&lt;!&#8211; [et_pb_line_break_holder] &#8211;&gt;&lt;!&#8211; [et_pb_line_break_holder] &#8211;&gt;&lt;!&#8211; [et_pb_line_break_holder] &#8211;&gt;&lt;!&#8211; [et_pb_line_break_holder] &#8211;&gt;&lt;!&#8211; [et_pb_line_break_holder] &#8211;&gt;&lt;!&#8211; [et_pb_line_break_holder] &#8211;&gt;&lt;!&#8211; [et_pb_line_break_holder] &#8211;&gt;&lt;!&#8211; [et_pb_line_break_holder] &#8211;&gt;&lt;!&#8211; [et_pb_line_break_holder] &#8211;&gt;&lt;!&#8211; [et_pb_line_break_holder] &#8211;&gt;&lt;!&#8211; [et_pb_line_break_holder] &#8211;&gt;&lt;!&#8211; [et_pb_line_break_holder] &#8211;&gt;&lt;!&#8211; [et_pb_line_break_holder] &#8211;&gt;Email*&lt;!&#8211; [et_pb_line_break_holder] &#8211;&gt;&lt;!&#8211; [et_pb_line_break_holder] &#8211;&gt;&lt;!&#8211; [et_pb_line_break_holder] &#8211;&gt;&lt;!&#8211; [et_pb_line_break_holder] &#8211;&gt;&lt;!&#8211; [et_pb_line_break_holder] &#8211;&gt;&lt;!&#8211; [et_pb_line_break_holder] &#8211;&gt;&lt;!&#8211; [et_pb_line_break_holder] &#8211;&gt;&lt;!&#8211; [et_pb_line_break_holder] &#8211;&gt;&lt;!&#8211; [et_pb_line_break_holder] &#8211;&gt;&lt;!&#8211; [et_pb_line_break_holder] &#8211;&gt;&lt;!&#8211; [et_pb_line_break_holder] &#8211;&gt;&lt;!&#8211; [et_pb_line_break_holder] &#8211;&gt;Name*&lt;!&#8211; [et_pb_line_break_holder] &#8211;&gt;&lt;!&#8211; [et_pb_line_break_holder] &#8211;&gt;&lt;!&#8211; [et_pb_line_break_holder] &#8211;&gt;&lt;!&#8211; [et_pb_line_break_holder] &#8211;&gt;&lt;!&#8211; [et_pb_line_break_holder] &#8211;&gt;&lt;!&#8211; [et_pb_line_break_holder] &#8211;&gt;&lt;!&#8211; [et_pb_line_break_holder] &#8211;&gt;&lt;!&#8211; [et_pb_line_break_holder] &#8211;&gt;&lt;!&#8211; [et_pb_line_break_holder] &#8211;&gt;&lt;!&#8211; [et_pb_line_break_holder] &#8211;&gt;&lt;!&#8211; [et_pb_line_break_holder] &#8211;&gt;&lt;!&#8211; [et_pb_line_break_holder] &#8211;&gt;&lt;!&#8211; [et_pb_line_break_holder] &#8211;&gt;&lt;!&#8211; [et_pb_line_break_holder] &#8211;&gt;&lt;!&#8211; [et_pb_line_break_holder] &#8211;&gt;&lt;!&#8211; [et_pb_line_break_holder] &#8211;&gt;&lt;!&#8211; [et_pb_line_break_holder] &#8211;&gt;&lt;!&#8211; [et_pb_line_break_holder] &#8211;&gt;&lt;!&#8211; [et_pb_line_break_holder] &#8211;&gt;&lt;!&#8211; [et_pb_line_break_holder] &#8211;&gt;&lt;!&#8211; [et_pb_line_break_holder] &#8211;&gt;&lt;!&#8211; [et_pb_line_break_holder] &#8211;&gt;&lt;!&#8211; [et_pb_line_break_holder] &#8211;&gt;&lt;!&#8211; [et_pb_line_break_holder] &#8211;&gt;&lt;!&#8211; [et_pb_line_break_holder] &#8211;&gt;&lt;!&#8211; [et_pb_line_break_holder] &#8211;&gt;&lt;!&#8211; [et_pb_line_break_holder] &#8211;&gt;&lt;!&#8211; [et_pb_line_break_holder] &#8211;&gt;&lt;!&#8211; [et_pb_line_break_holder] &#8211;&gt;&lt;!&#8211; [et_pb_line_break_holder] &#8211;&gt;&lt;!&#8211; [et_pb_line_break_holder] &#8211;&gt;&lt;!&#8211; [et_pb_line_break_holder] &#8211;&gt;&lt;!&#8211; [et_pb_line_break_holder] &#8211;&gt;&lt;!&#8211; [et_pb_line_break_holder] &#8211;&gt;&lt;!&#8211; [et_pb_line_break_holder] &#8211;&gt;&lt;!&#8211; [et_pb_line_break_holder] &#8211;&gt;[\/et_pb_code][\/et_pb_column][et_pb_column type=&#8221;1_3&#8243; _builder_version=&#8221;3.0.47&#8243; parallax=&#8221;off&#8221; parallax_method=&#8221;on&#8221;][et_pb_text background_layout=&#8221;dark&#8221; _builder_version=&#8221;3.0.89&#8243; text_font=&#8221;|700||on|||||&#8221; text_font_size=&#8221;16px&#8221; text_text_color=&#8221;#e2e2e2&#8243; text_line_height=&#8221;1em&#8221;]<\/p>\n<p>Practice Areas<\/p>\n<p>[\/et_pb_text][et_pb_text background_layout=&#8221;dark&#8221; _builder_version=&#8221;3.0.98&#8243; text_font=&#8221;||||||||&#8221; text_line_height=&#8221;1em&#8221;]<\/p>\n<p><a style=\"color: #eeeeee;\" href=\"\/EU\/ourprofessionals\/commercial-competition-law\/\">COMMERCIAL &#038; COMPETITION LAW<\/a><\/p>\n<p><a style=\"color: #eeeeee;\" href=\"\/EU\/ourprofessionals\/employment\/\">EMPLOYMENT<\/a><\/p>\n<p><a style=\"color: #eeeeee;\" href=\"\/EU\/ourprofessionals\/data-protection\/\">DATA PROTECTION<\/a><\/p>\n<p><a style=\"color: #eeeeee;\" href=\"\/EU\/ourprofessionals\/banking-finance\/\">BANKING &#038; FINANCE<\/a><\/p>\n<p><a style=\"color: #eeeeee;\" href=\"\/EU\/ourprofessionals\/corporate-mergers-acquisitions\/\">CORPORATE &#038; MERGERS &#038; ACQUISITIONS<\/a><\/p>\n<p><a style=\"color: #eeeeee;\" href=\"\/EU\/ourprofessionals\/dispute-resolution\/\">DISPUTE RESOLUTION<\/a><\/p>\n<p><a style=\"color: #eeeeee;\" href=\"\/EU\/ourprofessionals\/debt-collection-insolvency\/\">DEBT COLLECTION &#038; INSOLVENCY<\/a><\/p>\n<p><a style=\"color: #eeeeee;\" href=\"\/EU\/ourprofessionals\/intellectual-property-law\/\">INTELLECTUAL PROPERTY LAW<\/a><\/p>\n<p><a style=\"color: #eeeeee;\" href=\"\/EU\/ourprofessionals\/real-estate-law\/\">REAL ESTATE LAW<\/a><\/p>\n<p>[\/et_pb_text][\/et_pb_column][et_pb_column type=&#8221;1_3&#8243; _builder_version=&#8221;3.0.47&#8243; parallax=&#8221;off&#8221; parallax_method=&#8221;on&#8221;][et_pb_text background_layout=&#8221;dark&#8221; _builder_version=&#8221;3.0.89&#8243; text_font=&#8221;|700||on|||||&#8221; text_font_size=&#8221;16px&#8221; text_text_color=&#8221;#e2e2e2&#8243; text_line_height=&#8221;1em&#8221;]<\/p>\n<p>OFFICE<\/p>\n<p>[\/et_pb_text][et_pb_blurb title=&#8221;1132 Budapest, Hungary, V\u00e1ci \u00fat 30. BC 30 Business Center&#8221; use_icon=&#8221;on&#8221; font_icon=&#8221;%%122%%&#8221; icon_color=&#8221;#ffffff&#8221; icon_placement=&#8221;left&#8221; background_layout=&#8221;dark&#8221; use_icon_font_size=&#8221;on&#8221; icon_font_size=&#8221;14px&#8221; _builder_version=&#8221;3.0.98&#8243; header_font=&#8221;||||||||&#8221; header_text_align=&#8221;left&#8221; header_font_size=&#8221;14px&#8221; body_font=&#8221;||||||||&#8221; body_line_height=&#8221;1em&#8221; custom_margin=&#8221;0px|0px|0px|0px&#8221; custom_padding=&#8221;|||&#8221;][\/et_pb_blurb][et_pb_blurb title=&#8221;office@gerey.hu&#8221; use_icon=&#8221;on&#8221; font_icon=&#8221;%%238%%&#8221; icon_color=&#8221;#ffffff&#8221; icon_placement=&#8221;left&#8221; background_layout=&#8221;dark&#8221; use_icon_font_size=&#8221;on&#8221; icon_font_size=&#8221;14px&#8221; _builder_version=&#8221;3.0.89&#8243; header_font=&#8221;||||||||&#8221; header_text_align=&#8221;left&#8221; header_font_size=&#8221;14px&#8221; body_font=&#8221;||||||||&#8221; body_line_height=&#8221;1em&#8221; custom_margin=&#8221;0px|0px|0px|0px&#8221; custom_padding=&#8221;|||&#8221;][\/et_pb_blurb][\/et_pb_column][\/et_pb_row][\/et_pb_section][et_pb_section fb_built=&#8221;1&#8243; background_color=&#8221;#262626&#8243; _builder_version=&#8221;3.0.89&#8243; custom_padding=&#8221;8.690185546875px|0px|14.72998046875px|0px&#8221; global_module=&#8221;884&#8243; saved_tabs=&#8221;all&#8221;][et_pb_row make_fullwidth=&#8221;on&#8221; custom_padding=&#8221;0px|0px|0px|0px&#8221; _builder_version=&#8221;3.0.89&#8243;][et_pb_column type=&#8221;4_4&#8243; _builder_version=&#8221;3.0.47&#8243; parallax=&#8221;off&#8221; parallax_method=&#8221;on&#8221;][et_pb_text background_layout=&#8221;dark&#8221; _builder_version=&#8221;3.0.89&#8243; text_font=&#8221;||||||||&#8221; text_font_size=&#8221;12px&#8221; text_text_color=&#8221;#c4c4c4&#8243; text_line_height=&#8221;1.6em&#8221; text_orientation=&#8221;center&#8221; module_alignment=&#8221;center&#8221;]<\/p>\n<p>The webpage is made by <a style=\"color: #eeeeee;\" href=\"http:\/\/webrevart.hu\">webrev&#8217;art<\/a>.<\/p>\n<p>[\/et_pb_text][\/et_pb_column][\/et_pb_row][\/et_pb_section][et_pb_section fb_built=&#8221;1&#8243; background_color=&#8221;#3a3a3a&#8221; _builder_version=&#8221;3.0.89&#8243; custom_padding=&#8221;11.840087890625px|0px|0px|0px&#8221; global_module=&#8221;886&#8243; saved_tabs=&#8221;all&#8221;][et_pb_row make_fullwidth=&#8221;on&#8221; custom_padding=&#8221;0px|0px|12.789794921875px|0px&#8221; _builder_version=&#8221;3.0.89&#8243;][et_pb_column type=&#8221;4_4&#8243; _builder_version=&#8221;3.0.47&#8243; parallax=&#8221;off&#8221; parallax_method=&#8221;on&#8221;][et_pb_text background_layout=&#8221;dark&#8221; _builder_version=&#8221;3.0.98&#8243; text_font=&#8221;||||||||&#8221; text_font_size=&#8221;12px&#8221; text_text_color=&#8221;#c4c4c4&#8243; text_line_height=&#8221;1.6em&#8221; text_orientation=&#8221;center&#8221; module_alignment=&#8221;center&#8221;]<\/p>\n<p>2018 All rights reserved &#8211; GEREY\u00a0&#038; Partners | <a style=\"color: #eeeeee;\" href=\"\/EU\/imprint \">Imprint<\/a> | <a style=\"color: #eeeeee;\" href=\"\/EU\/imprint \">Data Processing Note<\/a> | <a style=\"color: #eeeeee;\" href=\"\/EU\/imprint \">Copyright<\/a> | <a style=\"color: #eeeeee;\" href=\"\/EU\/imprint \">Disclaimer<\/a><\/p>\n<p>[\/et_pb_text][\/et_pb_column][\/et_pb_row][\/et_pb_section]<\/p>\n","protected":false},"excerpt":{"rendered":"<p>[et_pb_section fb_built=&#8221;1&#8243; admin_label=&#8221;section&#8221; _builder_version=&#8221;3.0.47&#8243; custom_padding=&#8221;1.4199981689453125px|0px|2.95001220703125px|0px&#8221;][et_pb_row use_custom_gutter=&#8221;on&#8221; gutter_width=&#8221;2&#8243; _builder_version=&#8221;3.0.89&#8243;][et_pb_column type=&#8221;1_3&#8243; _builder_version=&#8221;3.0.89&#8243; parallax=&#8221;off&#8221; parallax_method=&#8221;on&#8221;][et_pb_image src=&#8221;http:\/\/gerey.hu\/EU\/wp-content\/uploads\/2018\/01\/mt_radi_300c.jpg&#8221; _builder_version=&#8221;3.0.98&#8243;][\/et_pb_image][\/et_pb_column][et_pb_column type=&#8221;2_3&#8243; _builder_version=&#8221;3.0.89&#8243; parallax=&#8221;off&#8221; parallax_method=&#8221;on&#8221;][et_pb_text _builder_version=&#8221;3.0.89&#8243; text_font=&#8221;Julius Sans One||||||||&#8221; text_font_size=&#8221;10px&#8221; header_font=&#8221;|600||||on|||&#8221; header_text_color=&#8221;#e02b20&#8243; custom_margin=&#8221;||0px|&#8221;] Dr.\u00a0P\u00e9ter R\u00c1DI [\/et_pb_text][et_pb_text _builder_version=&#8221;3.0.89&#8243; text_font=&#8221;||||||||&#8221; text_font_size=&#8221;19px&#8221; custom_margin=&#8221;0px|||&#8221;] partner [\/et_pb_text][et_pb_blurb title=&#8221;info@gerey.hu&#8221; use_icon=&#8221;on&#8221; font_icon=&#8221;%%109%%&#8221; icon_placement=&#8221;left&#8221; content_max_width=&#8221;1100px&#8221; use_icon_font_size=&#8221;on&#8221; icon_font_size=&#8221;20px&#8221; _builder_version=&#8221;3.0.89&#8243; header_font=&#8221;||||||||&#8221; header_text_align=&#8221;left&#8221; header_font_size=&#8221;15px&#8221; body_font=&#8221;||||||||&#8221; body_text_align=&#8221;left&#8221; body_line_height=&#8221;1.2em&#8221; custom_margin=&#8221;0px||0px|&#8221; custom_padding=&#8221;0px||0px|&#8221;][\/et_pb_blurb][et_pb_text _builder_version=&#8221;3.0.89&#8243;] Dr. P\u00e9ter R\u00e1di [&hellip;]<\/p>\n","protected":false},"author":1,"featured_media":0,"parent":90,"menu_order":0,"comment_status":"closed","ping_status":"closed","template":"","meta":{"footnotes":""},"class_list":["post-454","page","type-page","status-publish","hentry"],"_links":{"self":[{"href":"http:\/\/gerey.hu\/EU\/wp-json\/wp\/v2\/pages\/454"}],"collection":[{"href":"http:\/\/gerey.hu\/EU\/wp-json\/wp\/v2\/pages"}],"about":[{"href":"http:\/\/gerey.hu\/EU\/wp-json\/wp\/v2\/types\/page"}],"author":[{"embeddable":true,"href":"http:\/\/gerey.hu\/EU\/wp-json\/wp\/v2\/users\/1"}],"replies":[{"embeddable":true,"href":"http:\/\/gerey.hu\/EU\/wp-json\/wp\/v2\/comments?post=454"}],"version-history":[{"count":11,"href":"http:\/\/gerey.hu\/EU\/wp-json\/wp\/v2\/pages\/454\/revisions"}],"predecessor-version":[{"id":1841,"href":"http:\/\/gerey.hu\/EU\/wp-json\/wp\/v2\/pages\/454\/revisions\/1841"}],"up":[{"embeddable":true,"href":"http:\/\/gerey.hu\/EU\/wp-json\/wp\/v2\/pages\/90"}],"wp:attachment":[{"href":"http:\/\/gerey.hu\/EU\/wp-json\/wp\/v2\/media?parent=454"}],"curies":[{"name":"wp","href":"https:\/\/api.w.org\/{rel}","templated":true}]}}